{"id":900,"date":"2023-07-03T11:30:13","date_gmt":"2023-07-03T11:30:13","guid":{"rendered":"https:\/\/www.laescueladelagua.com\/?post_type=product&#038;p=900"},"modified":"2025-05-16T09:11:50","modified_gmt":"2025-05-16T09:11:50","slug":"estrategias-ante-inundaciones-y-sequias","status":"publish","type":"product","link":"https:\/\/www.laescueladelagua.com\/en\/programa\/programas\/executive-education\/estrategias-ante-inundaciones-y-sequias\/","title":{"rendered":"AQUASeminar Desaf\u00edos h\u00eddricos extremos: estrategias ante inundaciones y sequ\u00edas"},"content":{"rendered":"","protected":false},"excerpt":{"rendered":"","protected":false},"featured_media":1940,"comment_status":"open","ping_status":"closed","template":"","meta":[],"product_cat":[20,34],"product_tag":[],"class_list":{"0":"post-900","1":"product","2":"type-product","3":"status-publish","4":"has-post-thumbnail","6":"product_cat-executive-education","7":"product_cat-aquaseminar","9":"first","10":"instock","11":"virtual","12":"product-type-simple"},"yoast_head":"<!-- This site is optimized with the Yoast SEO plugin v24.5 - https:\/\/yoast.com\/wordpress\/plugins\/seo\/ -->\r\n<title>AQUASeminar Desaf\u00edos h\u00eddricos extremos: estrategias ante inundaciones y sequ\u00edas - Escuela del agua<\/title>\r\n<meta name=\"description\" content=\"AQUASeminar Desaf\u00edos h\u00eddricos extremos: estrategias ante inundaciones y sequ\u00edas\" \/>\r\n<meta name=\"robots\" content=\"index, follow, max-snippet:-1, max-image-preview:large, max-video-preview:-1\" \/>\r\n<link rel=\"canonical\" href=\"https:\/\/www.laescueladelagua.com\/en\/programa\/programas\/executive-education\/estrategias-ante-inundaciones-y-sequias\/\" \/>\r\n<meta property=\"og:locale\" content=\"en_US\" \/>\r\n<meta property=\"og:type\" content=\"article\" \/>\r\n<meta property=\"og:title\" content=\"AQUASeminar Desaf\u00edos h\u00eddricos extremos: estrategias ante inundaciones y sequ\u00edas - Escuela del agua\" \/>\r\n<meta property=\"og:description\" content=\"AQUASeminar Desaf\u00edos h\u00eddricos extremos: estrategias ante inundaciones y sequ\u00edas\" \/>\r\n<meta property=\"og:url\" content=\"https:\/\/www.laescueladelagua.com\/en\/programa\/programas\/executive-education\/estrategias-ante-inundaciones-y-sequias\/\" \/>\r\n<meta property=\"og:site_name\" content=\"Escuela del agua\" \/>\r\n<meta property=\"article:modified_time\" content=\"2025-05-16T09:11:50+00:00\" \/>\r\n<meta property=\"og:image\" content=\"https:\/\/www.laescueladelagua.com\/wp-content\/uploads\/2023\/07\/suez_296231.jpg\" \/>\r\n\t<meta property=\"og:image:width\" content=\"700\" \/>\r\n\t<meta property=\"og:image:height\" content=\"467\" \/>\r\n\t<meta property=\"og:image:type\" content=\"image\/jpeg\" \/>\r\n<meta name=\"twitter:card\" content=\"summary_large_image\" \/>\r\n<meta name=\"twitter:label1\" content=\"Est. reading time\" \/>\n\t<meta name=\"twitter:data1\" content=\"1 minute\" \/>\r\n<script type=\"application\/ld+json\" class=\"yoast-schema-graph\">{\"@context\":\"https:\/\/schema.org\",\"@graph\":[{\"@type\":\"WebPage\",\"@id\":\"https:\/\/www.laescueladelagua.com\/programa\/programas\/executive-education\/estrategias-ante-inundaciones-y-sequias\/\",\"url\":\"https:\/\/www.laescueladelagua.com\/programa\/programas\/executive-education\/estrategias-ante-inundaciones-y-sequias\/\",\"name\":\"AQUASeminar Desaf\u00edos h\u00eddricos extremos: estrategias ante inundaciones y sequ\u00edas - Escuela del agua\",\"isPartOf\":{\"@id\":\"https:\/\/wapwebedapro01.azurewebsites.net\/#website\"},\"primaryImageOfPage\":{\"@id\":\"https:\/\/www.laescueladelagua.com\/programa\/programas\/executive-education\/estrategias-ante-inundaciones-y-sequias\/#primaryimage\"},\"image\":{\"@id\":\"https:\/\/www.laescueladelagua.com\/programa\/programas\/executive-education\/estrategias-ante-inundaciones-y-sequias\/#primaryimage\"},\"thumbnailUrl\":\"\/wp-content\/uploads\/2023\/07\/suez_296231.jpg\",\"datePublished\":\"2023-07-03T11:30:13+00:00\",\"dateModified\":\"2025-05-16T09:11:50+00:00\",\"description\":\"AQUASeminar Desaf\u00edos h\u00eddricos extremos: estrategias ante inundaciones y sequ\u00edas\",\"breadcrumb\":{\"@id\":\"https:\/\/www.laescueladelagua.com\/programa\/programas\/executive-education\/estrategias-ante-inundaciones-y-sequias\/#breadcrumb\"},\"inLanguage\":\"en-US\",\"potentialAction\":[{\"@type\":\"ReadAction\",\"target\":[\"https:\/\/www.laescueladelagua.com\/programa\/programas\/executive-education\/estrategias-ante-inundaciones-y-sequias\/\"]}]},{\"@type\":\"ImageObject\",\"inLanguage\":\"en-US\",\"@id\":\"https:\/\/www.laescueladelagua.com\/programa\/programas\/executive-education\/estrategias-ante-inundaciones-y-sequias\/#primaryimage\",\"url\":\"\/wp-content\/uploads\/2023\/07\/suez_296231.jpg\",\"contentUrl\":\"\/wp-content\/uploads\/2023\/07\/suez_296231.jpg\",\"width\":700,\"height\":467,\"caption\":\"L\u2019iconographie de SUEZ vise \u00e0 mettre en valeur notre engagement : prot\u00e9ger et restaurer le capital naturel. L\u2019environnement sera sublim\u00e9 et sera le premier point de contact avec l\u2019univers visuel du Groupe. Cette iconographie devra \u00eatre notamment en page de couverture et d\u2019ouverture de tous nos m\u00e9dias (interne, externe, m\u00e9tiers). L\u2019humain, en mouvement ou en interaction avec la nature, a aussi sa place au c\u0153ur de l\u2019environnement et de l\u2019iconographie de SUEZ. Visuel .jpg aux dimensions web corporate Sitecore (2000 x 1125) disponible au t\u00e9l\u00e9chargement.\"},{\"@type\":\"BreadcrumbList\",\"@id\":\"https:\/\/www.laescueladelagua.com\/programa\/programas\/executive-education\/estrategias-ante-inundaciones-y-sequias\/#breadcrumb\",\"itemListElement\":[{\"@type\":\"ListItem\",\"position\":1,\"name\":\"Home\",\"item\":\"https:\/\/wapwebedapro01.azurewebsites.net\/\"},{\"@type\":\"ListItem\",\"position\":2,\"name\":\"Todos los programas\",\"item\":\"https:\/\/www.laescueladelagua.com\/todos-los-programas\/\"},{\"@type\":\"ListItem\",\"position\":3,\"name\":\"AQUASeminar Desaf\u00edos h\u00eddricos extremos: estrategias ante inundaciones y sequ\u00edas\"}]},{\"@type\":\"WebSite\",\"@id\":\"https:\/\/wapwebedapro01.azurewebsites.net\/#website\",\"url\":\"https:\/\/wapwebedapro01.azurewebsites.net\/\",\"name\":\"Escuela del agua\",\"description\":\"\",\"publisher\":{\"@id\":\"https:\/\/wapwebedapro01.azurewebsites.net\/#organization\"},\"potentialAction\":[{\"@type\":\"SearchAction\",\"target\":{\"@type\":\"EntryPoint\",\"urlTemplate\":\"https:\/\/wapwebedapro01.azurewebsites.net\/?s={search_term_string}\"},\"query-input\":{\"@type\":\"PropertyValueSpecification\",\"valueRequired\":true,\"valueName\":\"search_term_string\"}}],\"inLanguage\":\"en-US\"},{\"@type\":\"Organization\",\"@id\":\"https:\/\/wapwebedapro01.azurewebsites.net\/#organization\",\"name\":\"Escuela del agua\",\"url\":\"https:\/\/wapwebedapro01.azurewebsites.net\/\",\"logo\":{\"@type\":\"ImageObject\",\"inLanguage\":\"en-US\",\"@id\":\"https:\/\/wapwebedapro01.azurewebsites.net\/#\/schema\/logo\/image\/\",\"url\":\"\/wp-content\/uploads\/2023\/08\/logo_EscueladelAgua_mod.1.1_150px.png\",\"contentUrl\":\"\/wp-content\/uploads\/2023\/08\/logo_EscueladelAgua_mod.1.1_150px.png\",\"width\":150,\"height\":90,\"caption\":\"Escuela del agua\"},\"image\":{\"@id\":\"https:\/\/wapwebedapro01.azurewebsites.net\/#\/schema\/logo\/image\/\"}}]}<\/script>\r\n<!-- \/ Yoast SEO plugin. -->","yoast_head_json":{"title":"AQUASeminar Desaf\u00edos h\u00eddricos extremos: estrategias ante inundaciones y sequ\u00edas - Escuela del agua","description":"AQUASeminar Desaf\u00edos h\u00eddricos extremos: estrategias ante inundaciones y sequ\u00edas","robots":{"index":"index","follow":"follow","max-snippet":"max-snippet:-1","max-image-preview":"max-image-preview:large","max-video-preview":"max-video-preview:-1"},"canonical":"https:\/\/www.laescueladelagua.com\/en\/programa\/programas\/executive-education\/estrategias-ante-inundaciones-y-sequias\/","og_locale":"en_US","og_type":"article","og_title":"AQUASeminar Desaf\u00edos h\u00eddricos extremos: estrategias ante inundaciones y sequ\u00edas - Escuela del agua","og_description":"AQUASeminar Desaf\u00edos h\u00eddricos extremos: estrategias ante inundaciones y sequ\u00edas","og_url":"https:\/\/www.laescueladelagua.com\/en\/programa\/programas\/executive-education\/estrategias-ante-inundaciones-y-sequias\/","og_site_name":"Escuela del agua","article_modified_time":"2025-05-16T09:11:50+00:00","og_image":[{"width":700,"height":467,"url":"https:\/\/www.laescueladelagua.com\/wp-content\/uploads\/2023\/07\/suez_296231.jpg","type":"image\/jpeg"}],"twitter_card":"summary_large_image","twitter_misc":{"Est. reading time":"1 minute"},"schema":{"@context":"https:\/\/schema.org","@graph":[{"@type":"WebPage","@id":"https:\/\/www.laescueladelagua.com\/programa\/programas\/executive-education\/estrategias-ante-inundaciones-y-sequias\/","url":"https:\/\/www.laescueladelagua.com\/programa\/programas\/executive-education\/estrategias-ante-inundaciones-y-sequias\/","name":"AQUASeminar Desaf\u00edos h\u00eddricos extremos: estrategias ante inundaciones y sequ\u00edas - Escuela del agua","isPartOf":{"@id":"https:\/\/wapwebedapro01.azurewebsites.net\/#website"},"primaryImageOfPage":{"@id":"https:\/\/www.laescueladelagua.com\/programa\/programas\/executive-education\/estrategias-ante-inundaciones-y-sequias\/#primaryimage"},"image":{"@id":"https:\/\/www.laescueladelagua.com\/programa\/programas\/executive-education\/estrategias-ante-inundaciones-y-sequias\/#primaryimage"},"thumbnailUrl":"\/wp-content\/uploads\/2023\/07\/suez_296231.jpg","datePublished":"2023-07-03T11:30:13+00:00","dateModified":"2025-05-16T09:11:50+00:00","description":"AQUASeminar Desaf\u00edos h\u00eddricos extremos: estrategias ante inundaciones y sequ\u00edas","breadcrumb":{"@id":"https:\/\/www.laescueladelagua.com\/programa\/programas\/executive-education\/estrategias-ante-inundaciones-y-sequias\/#breadcrumb"},"inLanguage":"en-US","potentialAction":[{"@type":"ReadAction","target":["https:\/\/www.laescueladelagua.com\/programa\/programas\/executive-education\/estrategias-ante-inundaciones-y-sequias\/"]}]},{"@type":"ImageObject","inLanguage":"en-US","@id":"https:\/\/www.laescueladelagua.com\/programa\/programas\/executive-education\/estrategias-ante-inundaciones-y-sequias\/#primaryimage","url":"\/wp-content\/uploads\/2023\/07\/suez_296231.jpg","contentUrl":"\/wp-content\/uploads\/2023\/07\/suez_296231.jpg","width":700,"height":467,"caption":"L\u2019iconographie de SUEZ vise \u00e0 mettre en valeur notre engagement : prot\u00e9ger et restaurer le capital naturel. L\u2019environnement sera sublim\u00e9 et sera le premier point de contact avec l\u2019univers visuel du Groupe. Cette iconographie devra \u00eatre notamment en page de couverture et d\u2019ouverture de tous nos m\u00e9dias (interne, externe, m\u00e9tiers). L\u2019humain, en mouvement ou en interaction avec la nature, a aussi sa place au c\u0153ur de l\u2019environnement et de l\u2019iconographie de SUEZ. Visuel .jpg aux dimensions web corporate Sitecore (2000 x 1125) disponible au t\u00e9l\u00e9chargement."},{"@type":"BreadcrumbList","@id":"https:\/\/www.laescueladelagua.com\/programa\/programas\/executive-education\/estrategias-ante-inundaciones-y-sequias\/#breadcrumb","itemListElement":[{"@type":"ListItem","position":1,"name":"Home","item":"https:\/\/wapwebedapro01.azurewebsites.net\/"},{"@type":"ListItem","position":2,"name":"Todos los programas","item":"https:\/\/www.laescueladelagua.com\/todos-los-programas\/"},{"@type":"ListItem","position":3,"name":"AQUASeminar Desaf\u00edos h\u00eddricos extremos: estrategias ante inundaciones y sequ\u00edas"}]},{"@type":"WebSite","@id":"https:\/\/wapwebedapro01.azurewebsites.net\/#website","url":"https:\/\/wapwebedapro01.azurewebsites.net\/","name":"Escuela del agua","description":"","publisher":{"@id":"https:\/\/wapwebedapro01.azurewebsites.net\/#organization"},"potentialAction":[{"@type":"SearchAction","target":{"@type":"EntryPoint","urlTemplate":"https:\/\/wapwebedapro01.azurewebsites.net\/?s={search_term_string}"},"query-input":{"@type":"PropertyValueSpecification","valueRequired":true,"valueName":"search_term_string"}}],"inLanguage":"en-US"},{"@type":"Organization","@id":"https:\/\/wapwebedapro01.azurewebsites.net\/#organization","name":"Escuela del agua","url":"https:\/\/wapwebedapro01.azurewebsites.net\/","logo":{"@type":"ImageObject","inLanguage":"en-US","@id":"https:\/\/wapwebedapro01.azurewebsites.net\/#\/schema\/logo\/image\/","url":"\/wp-content\/uploads\/2023\/08\/logo_EscueladelAgua_mod.1.1_150px.png","contentUrl":"\/wp-content\/uploads\/2023\/08\/logo_EscueladelAgua_mod.1.1_150px.png","width":150,"height":90,"caption":"Escuela del agua"},"image":{"@id":"https:\/\/wapwebedapro01.azurewebsites.net\/#\/schema\/logo\/image\/"}}]}},"meta_box":{"datos-curso-code":"AQUASeminar_Ed2_2022_23_bl1","datos-curso-register":"no","datos-curso-methodology":"Presencial","datos-curso-profile":["Administrativo","Gerencial","Operario"],"datos-curso-mode":[],"datos-curso-public":[],"datos-curso-date":"mayo, 2025","datos-curso-pdf":[],"datos-curso-logo":[],"related-link":[914,933,947],"tab-presentacion-active":"yes","tab-presentacion-tab-name":"Presentaci\u00f3n","tab-presentacion-intro":"<p><span style=\"font-weight: 400\">Ciclo de ponencias y talleres sobre gesti\u00f3n h\u00eddrica y ambiental ante la emergencia clim\u00e1tica. Aborda aspectos cr\u00edticos en la gesti\u00f3n del agua y su respuesta ante eventos extremos, integrando perspectivas desde la innovaci\u00f3n tecnol\u00f3gica hasta la ordenaci\u00f3n territorial, con \u00e9nfasis en la sostenibilidad y la resiliencia urbana.<\/span><\/p>\n<p>La respuesta a estas demandas ha motivado el desarrollo de nuevos enfoques, como el <strong>\u201cnuevo liderazgo\u201d<\/strong>, el liderazgo aut\u00e9ntico, transcultural, complejo, compartido y remoto.<\/p>\n","tab-presentacion-first-block-active":"yes","tab-presentacion-first-block-title":"DIRIGIDO A:","tab-presentacion-first-block-intro":"","tab-presentacion-first-block-list":["<p>Personas con titulaciones en ingenier\u00edas, ingenier\u00edas t\u00e9cnicas y licenciaturas en carreras cient\u00edfico-t\u00e9cnicas (biolog\u00eda, qu\u00edmica, ciencias ambientales, geolog\u00eda, etc.).<\/p>\n","<p>Profesionales del \u00e1mbito del agua y el medio ambiente.<\/p>\n","<p>Profesionales responsables de la gesti\u00f3n del agua en empresas del sector, industrias u organismos operadores y reguladores.<\/p>\n","<p>Profesionales con inter\u00e9s en materias de gesti\u00f3n del agua y el medio ambiente.<\/p>\n"],"tab-presentacion-second-block-active":"no","tab-presentacion-second-block-title":"","tab-presentacion-second-block-intro":"","tab-presentacion-second-block-list":[],"tab-presentacion-third-block-active":"no","tab-presentacion-third-block-title":"","tab-presentacion-third-block-text":"","tab-presentacion-third-block-list":[],"tab-presentacion-third-block-media":"video","tab-presentacion-third-block-image":[],"tab-presentacion-third-block-video":"","tab-programa-active":"yes","tab-programa-tab-name":"Contenidos","tab-programa-intro-1":"<p><b>Programa de la Jornada<\/b><\/p>\n","tab-programa-content":[],"tab-programa-intro-2":"","tab-programa-first-block-active":"yes","tab-programa-first-block-title":"Contenido","tab-programa-first-block-content":[{"intro":"<h3><b>Eventos extremos: Inundaciones 28\/05\/25<\/b><\/h3>","dropdown":[{"title":"Ponencia: Emergencia clim\u00e1tica y gesti\u00f3n de los recursos h\u00eddricos en la Pen\u00ednsula Ib\u00e9rica."},{"title":"Debate"},{"title":"Ponencia: Nuestro Planeta, nuestra Salud"},{"title":"Ponencia: Sistemas de alerta temprana. Tecnolog\u00edas para la predicci\u00f3n y seguimiento en Ciclo integral del agua. Caso Badalona"},{"title":"Ponencia: Desarrollo e implementaci\u00f3n del Centro de Resiliencia Operativa (CRO)"},{"title":"Ponencia: DANA de Valencia. Afecci\u00f3n en Ciclo integral del agua, coordinaci\u00f3n interna y administraciones, respuesta y lecciones aprendidas."},{"title":"Taller Fresco Transformaci\u00f3n ecol\u00f3gica"}]},{"intro":"<b>Eventos extremos: Gesti\u00f3n de sequ\u00edas 29\/05\/25<\/b>","dropdown":[{"title":"Ponencia: Consecuencias de la emergencia clim\u00e1tica: gesti\u00f3n de sequ\u00edas en AGBAR"},{"title":"Ponencia: Experiencias de adaptaci\u00f3n de las ciudades frente al Cambio Clim\u00e1tico"},{"title":"Debate"},{"title":"Ponencia: Planes de gesti\u00f3n del riesgo de inundaci\u00f3n"},{"title":"Ponencia: Qu\u00e9 es el IPCC y por qu\u00e9 deben importarnos sus informes"},{"title":"Ponencia: Meteorolog\u00eda y cambio clim\u00e1tico"},{"title":"Ponencia: Dise\u00f1o arquitect\u00f3nico Central Cornell\u00e0, SBN"}]}],"tab-programa-second-block-active":"yes","tab-programa-second-block-title":"\u00bfTE INTERESA EL PROGRAMA Y TIENES DUDAS?","tab-programa-second-block-text":"<p>Ponte en contacto con nosotros en<strong>\u00a0el <a href=\"\/contacto\">formulario de contacto<\/a><\/strong> y en breve nos pondremos en contacto contigo.<\/p>\n","tab-programa-second-block-list":[],"tab-programa-second-block-media":"image","tab-programa-second-block-image":[{"width":150,"height":150,"file":"2023\/06\/Enmascarar-grupo-10@2x-e1698067773237.png","filesize":1422813,"sizes":{"medium":{"file":"Enmascarar-grupo-10@2x-300x143.png","width":300,"height":143,"mime-type":"image\/png","filesize":75714,"url":"\/wp-content\/uploads\/2023\/06\/Enmascarar-grupo-10@2x-300x143.png"},"large":{"file":"Enmascarar-grupo-10@2x-1024x489.png","width":1024,"height":489,"mime-type":"image\/png","filesize":742952,"url":"\/wp-content\/uploads\/2023\/06\/Enmascarar-grupo-10@2x-1024x489.png"},"thumbnail":{"file":"Enmascarar-grupo-10@2x-150x150.png","width":150,"height":150,"mime-type":"image\/png","filesize":42319,"url":"\/wp-content\/uploads\/2023\/06\/Enmascarar-grupo-10@2x-150x150.png"},"medium_large":{"file":"Enmascarar-grupo-10@2x-768x367.png","width":768,"height":367,"mime-type":"image\/png","filesize":447082,"url":"\/wp-content\/uploads\/2023\/06\/Enmascarar-grupo-10@2x-768x367.png"},"trp-custom-language-flag":{"file":"Enmascarar-grupo-10@2x-18x9.png","width":18,"height":9,"mime-type":"image\/png","filesize":579,"url":"\/wp-content\/uploads\/2023\/06\/Enmascarar-grupo-10@2x-18x9.png"},"woocommerce_thumbnail":{"file":"Enmascarar-grupo-10@2x-300x300.png","width":300,"height":300,"mime-type":"image\/png","filesize":174138,"uncropped":false,"url":"\/wp-content\/uploads\/2023\/06\/Enmascarar-grupo-10@2x-300x300.png"},"woocommerce_single":{"file":"Enmascarar-grupo-10@2x-600x286.png","width":600,"height":286,"mime-type":"image\/png","filesize":284362,"url":"\/wp-content\/uploads\/2023\/06\/Enmascarar-grupo-10@2x-600x286.png"},"woocommerce_gallery_thumbnail":{"file":"Enmascarar-grupo-10@2x-100x100.png","width":100,"height":100,"mime-type":"image\/png","filesize":19876,"url":"\/wp-content\/uploads\/2023\/06\/Enmascarar-grupo-10@2x-100x100.png"}},"image_meta":{"aperture":"0","credit":"","camera":"","caption":"","created_timestamp":"0","copyright":"","focal_length":"0","iso":"0","shutter_speed":"0","title":"","orientation":"0","keywords":[]},"ID":"486","name":"Enmascarar-grupo-10@2x-e1698067773237.png","path":"C:\\home\\site\\wwwroot\/wp-content\/uploads\/2023\/06\/Enmascarar-grupo-10@2x-e1698067773237.png","url":"\/wp-content\/uploads\/2023\/06\/Enmascarar-grupo-10@2x-150x150.png","full_url":"\/wp-content\/uploads\/2023\/06\/Enmascarar-grupo-10@2x-e1698067773237.png","title":"Enmascarar grupo 10@2x","caption":"","description":"","alt":"","srcset":"\/wp-content\/uploads\/2023\/06\/Enmascarar-grupo-10@2x-150x150.png 150w, \/wp-content\/uploads\/2023\/06\/Enmascarar-grupo-10@2x-300x300.png 300w, \/wp-content\/uploads\/2023\/06\/Enmascarar-grupo-10@2x-100x100.png 100w"}],"tab-programa-second-block-video":"","tab-equipo-docente-active":"no","tab-equipo-docente-tab-name":"Equipo docente","tab-equipo-docente-intro":"","tab-equipo-docente-first-block-active":"yes","tab-equipo-docente-first-block-title":"Direcci\u00f3n Acad\u00e9mica","tab-equipo-docente-first-block-team":[],"tab-equipo-docente-second-block-active":"no","tab-equipo-docente-second-block-title":"","tab-equipo-docente-second-block-text":"","tab-equipo-docente-second-block-list":[],"tab-equipo-docente-second-block-media":"video","tab-equipo-docente-second-block-image":[],"tab-equipo-docente-second-block-video":"","tab-admision-active":"yes","tab-admision-tab-name":"Admisi\u00f3n y datos b\u00e1sicos","tab-admision-first-block-active":"yes","tab-admision-first-block-title":"Datos b\u00e1sicos","tab-admision-first-block-info":[{"data":"inicio","text":" 28 y 29 de mayo 2025"},{"data":"duracion","text":"2 d\u00edas"},{"data":"idioma","text":"Espa\u00f1ol"},{"data":"lugar","text":"Barcelona"},{"data":"metodologia","text":"Presencial"}],"tab-admision-first-block-additional-info":[{"title":"Ubicaci\u00f3n","text":"<span style=\"font-weight: 400;\">Recinto Central Cornell\u00e0 (Can Serra).\u00a0 Carrer. de Sant Joan Desp\u00ed, 1, 08940 Cornell\u00e0 de Llobregat, Barcelona<\/span>"}],"tab-admision-second-block-active":"no","tab-custom-active":"no","tab-custom-tab-name":"","tab-custom-intro":"","tab-custom-first-block-active":"no","tab-custom-first-block-title":"","tab-custom-first-block-intro":"","tab-custom-first-block-list":[],"tab-custom-second-block-active":"no","tab-custom-second-block-title":"","tab-custom-second-block-intro":"","tab-custom-second-block-list":[],"tab-custom-third-block-active":"no","tab-custom-third-block-title":"","tab-custom-third-block-text":"","tab-custom-third-block-list":[],"tab-custom-third-block-media":"image","tab-custom-third-block-image":[],"tab-custom-third-block-video":"","tab-campus-online-active":"no","tab-campus-online-tab-name":"Campus Online","tab-ayudas-estudio-active":"no","tab-ayudas-estudio-tab-name":"Ayudas al estudio"},"_links":{"self":[{"href":"https:\/\/www.laescueladelagua.com\/en\/wp-json\/wp\/v2\/product\/900","targetHints":{"allow":["GET"]}}],"collection":[{"href":"https:\/\/www.laescueladelagua.com\/en\/wp-json\/wp\/v2\/product"}],"about":[{"href":"https:\/\/www.laescueladelagua.com\/en\/wp-json\/wp\/v2\/types\/product"}],"replies":[{"embeddable":true,"href":"https:\/\/www.laescueladelagua.com\/en\/wp-json\/wp\/v2\/comments?post=900"}],"version-history":[{"count":2,"href":"https:\/\/www.laescueladelagua.com\/en\/wp-json\/wp\/v2\/product\/900\/revisions"}],"predecessor-version":[{"id":4228,"href":"https:\/\/www.laescueladelagua.com\/en\/wp-json\/wp\/v2\/product\/900\/revisions\/4228"}],"wp:featuredmedia":[{"embeddable":true,"href":"https:\/\/www.laescueladelagua.com\/en\/wp-json\/wp\/v2\/media\/1940"}],"wp:attachment":[{"href":"https:\/\/www.laescueladelagua.com\/en\/wp-json\/wp\/v2\/media?parent=900"}],"wp:term":[{"taxonomy":"product_cat","embeddable":true,"href":"https:\/\/www.laescueladelagua.com\/en\/wp-json\/wp\/v2\/product_cat?post=900"},{"taxonomy":"product_tag","embeddable":true,"href":"https:\/\/www.laescueladelagua.com\/en\/wp-json\/wp\/v2\/product_tag?post=900"}],"curies":[{"name":"wp","href":"https:\/\/api.w.org\/{rel}","templated":true}]}}